{"id":1574,"date":"2020-10-08T21:15:03","date_gmt":"2020-10-08T19:15:03","guid":{"rendered":"https:\/\/talladecucharas.com\/aviso-legal\/"},"modified":"2020-10-08T21:21:31","modified_gmt":"2020-10-08T19:21:31","slug":"aviso-legal","status":"publish","type":"page","link":"https:\/\/talladecucharas.com\/en\/aviso-legal\/","title":{"rendered":"Aviso Legal"},"content":{"rendered":"\n<p>0. <strong>Objeto y aceptaci\u00f3n<\/strong><\/p>\n\n<p>El presente aviso legal regula el uso del sitio web www.talladecucharas.com, del que es titular Andrea Cort\u00e9s Rodr\u00edguez. La navegaci\u00f3n por el sitio web de Talladecucharas.com atribuye la condici\u00f3n de usuario del mismo e implica la aceptaci\u00f3n plena y sin reservas de todas y cada una de las disposiciones incluidas en este Aviso Legal, que pueden sufrir modificaciones.<\/p>\n\n<p>El usuario se obliga a hacer un uso correcto del sitio web de conformidad con las leyes, la buena fe, el orden p\u00fablico, los usos del tr\u00e1fico y el presente Aviso Legal. El usuario responder\u00e1 frente a Andrea Cort\u00e9s Rodr\u00edguez o frente a terceros, de cualesquiera da\u00f1os y perjuicios que pudieran causarse como consecuencia del incumplimiento de dicha obligaci\u00f3n. <\/p>\n\n<p><strong>1. Identificaci\u00f3n y comunicaciones<\/strong><\/p>\n\n<p>Andrea Cort\u00e9s Rodr\u00edguez, en cumplimiento de la Ley 34\/2002, de 11 de julio, de servicios de la sociedad de la informaci\u00f3n y de comercio electr\u00f3nico, le informa de que:<\/p>\n\n<p><strong>Su denominaci\u00f3n social es:<\/strong> Andrea Cort\u00e9s Rodr\u00edguez<br\/><strong>Su CIF\/NIF\/NIE es:<\/strong> 26540449J<br\/><strong>Su domicilio social est\u00e1 en:<\/strong> Pacific 29. 08027 Barcelona<\/p>\n\n<p>Para comunicarse conmigo, pongo a su disposici\u00f3n diferentes medios de contacto:<\/p>\n\n<p><strong>Tel\u00e9fono:<\/strong> 628413905<\/p>\n\n<p><strong>Email:<\/strong> <a href=\"mailto:info@talladecucharas.com\">info@talladecucharas.com<\/a><\/p>\n\n<p>Todas las notificaciones y comunicaciones entre los usuarios y Andrea Cort\u00e9s Rodr\u00edguez se considerar\u00e1n eficaces, a todos los efectos, cuando se realicen a trav\u00e9s de correo postal o cualquier otro medio de los detallados anteriormente.<\/p>\n\n<p><strong>2. Condiciones de acceso y utilizaci\u00f3n<\/strong><\/p>\n\n<p>El sitio web y sus servicios son de acceso libre y gratuito, no obstante, Andrea Cort\u00e9s Rodr\u00edguez condiciona la utilizaci\u00f3n de algunos de los servicios ofrecidos en su web a la previa cumplimentaci\u00f3n del formulario de compra y de contacto. <\/p>\n\n<p>El usuario garantiza la autenticidad y actualidad de todos aquellos datos que comunique a Talladecucharas.com y ser\u00e1 el \u00fanico responsable de las manifestaciones falsas o inexactas que realice.<\/p>\n\n<p>El usuario se compromete expresamente a hacer un uso adecuado de los contenidos y servicios de Talladecucharas.com y a no emplearlos para, entre otros:<\/p>\n\n<p>a) Difundir contenidos, delictivos, violentos, pornogr\u00e1ficos, racistas, xen\u00f3fobo, ofensivos, de apolog\u00eda del terrorismo o, en general, contrarios a la ley o al orden p\u00fablico.<\/p>\n\n<p>b) Introducir en la red virus inform\u00e1ticos o realizar actuaciones susceptibles de alterar, estropear, interrumpir o generar errores o da\u00f1os en los documentos electr\u00f3nicos, datos o sistemas f\u00edsicos y l\u00f3gicos de Talladecucharas.com o de terceras personas; as\u00ed como obstaculizar el acceso de otros usuarios al sitio web y a sus servicios mediante el consumo masivo de los recursos inform\u00e1ticos a trav\u00e9s de los cuales Talladecucharas.com presta sus servicios.<\/p>\n\n<p>c) Intentar acceder a las cuentas de correo electr\u00f3nico de otros usuarios o a \u00e1reas restringidas de los sistemas inform\u00e1ticos de Talladecucharas.com o de terceros y, en su caso, extraer informaci\u00f3n.<\/p>\n\n<p>d) Vulnerar los derechos de propiedad intelectual o industrial, as\u00ed como violar la confidencialidad de la informaci\u00f3n de Talladecucharas.com o de terceros.<\/p>\n\n<p>e) Suplantar la identidad de otro usuario, de las administraciones p\u00fablicas o de un tercero.<\/p>\n\n<p>f) Reproducir, copiar, distribuir, poner a disposici\u00f3n o de cualquier otra forma comunicar p\u00fablicamente, transformar o modificar los contenidos, a menos que se cuente con la autorizaci\u00f3n del titular de los correspondientes derechos o ello resulte legalmente permitido.<\/p>\n\n<p>g) Recabar datos con finalidad publicitaria y de remitir publicidad de cualquier clase y comunicaciones con fines de venta u otras de naturaleza comercial sin que medie su previa solicitud o consentimiento.<\/p>\n\n<p><strong>3.- Derechos de propiedad \/ uso de materiales de la p\u00e1gina web<\/strong><\/p>\n\n<p>El material visual, fotogr\u00e1fico y de contenido que figura en esta p\u00e1gina web, pertenece a Andrea Cort\u00e9s Rodr\u00edguez no permiti\u00e9ndose la reproducci\u00f3n de los mismos en otros medios ni otras p\u00e1ginas web con fines lucrativos.<\/p>\n\n<p><strong>4. Exclusi\u00f3n de garant\u00edas y de responsabilidad<\/strong><\/p>\n\n<p>El contenido del presente sitio web es de car\u00e1cter general y tiene una finalidad meramente informativa, sin que se garantice plenamente el acceso a todos los contenidos, ni su exhaustividad, correcci\u00f3n, vigencia o actualidad, ni su idoneidad o utilidad para un objetivo espec\u00edfico.<\/p>\n\n<p>Talladecucharas.com excluye, hasta donde permite el ordenamiento jur\u00eddico, cualquier responsabilidad por los da\u00f1os y perjuicios de toda naturaleza derivados de:<\/p>\n\n<p>a) La imposibilidad de acceso al sitio web o la falta de veracidad, exactitud, exhaustividad y\/o actualidad de los contenidos, as\u00ed como la existencia de vicios y defectos de toda clase de los contenidos transmitidos, difundidos, almacenados, puestos a disposici\u00f3n a los que se haya accedido a trav\u00e9s del sitio web o de los servicios que se ofrecen.<\/p>\n\n<p>b) La presencia de virus o de otros elementos en los contenidos que puedan producir alteraciones en los sistemas inform\u00e1ticos, documentos electr\u00f3nicos o datos de los usuarios.<\/p>\n\n<p>c) El incumplimiento de las leyes, la buena fe, el orden p\u00fablico, los usos del tr\u00e1fico y el presente aviso legal como consecuencia del uso incorrecto del sitio web. En particular, y a modo ejemplificativo, Talladecucharas.com no se hace responsable de las actuaciones de terceros que vulneren derechos de propiedad intelectual e industrial, secretos empresariales, derechos al honor, a la intimidad personal y familiar y a la propia imagen, as\u00ed como la normativa en materia de competencia desleal y publicidad il\u00edcita.<\/p>\n\n<p>Asimismo, Talladecucharas.com declina cualquier responsabilidad respecto a la informaci\u00f3n que se halle fuera de esta web y no sea gestionada directamente por Andrea Cort\u00e9s Rodr\u00edguez. La funci\u00f3n de los links que aparecen en esta web es exclusivamente la de informar al usuario sobre la existencia de otras fuentes susceptibles de ampliar los contenidos que ofrece este sitio web. No se garantiza ni se responsabiliza del funcionamiento o accesibilidad de los sitios enlazados; ni sugiere, invita o recomienda la visita a los mismos, por lo que tampoco ser\u00e1 responsable del resultado obtenido. Andrea Cort\u00e9s Rodr\u00edguez no se responsabiliza del establecimiento de hiperv\u00ednculos por parte de terceros.<\/p>\n\n<p><strong>5. Politica de cookies <\/strong><\/p>\n\n<p>Talladecucharas.com podr\u00e1 utilizar cookies durante la prestaci\u00f3n de servicios del sitio web. Las cookies son ficheros f\u00edsicos de informaci\u00f3n personal alojados en el propio terminal del usuario. El usuario tiene la posibilidad de configurar su programa navegador de manera que se impida la creaci\u00f3n de archivos cookie o se advierta de la misma.<\/p>\n\n<p>Si opta a abandonar el sitio web a trav\u00e9s de enlaces a sitios web no pertenecientes a nuestra entidad, Talladecucharas.com no se har\u00e1 responsable de las pol\u00edticas de privacidad de dichos sitios web ni de las cookies que \u00e9stos puedan almacenar en el ordenador del usuario<\/p>\n\n<p><strong>6. Procedimiento en caso de realizaci\u00f3n de actividades de car\u00e1cter il\u00edcito<\/strong><\/p>\n\n<p>En el caso de que cualquier usuario o un tercero considere que existen hechos o circunstancias que revelen el car\u00e1cter il\u00edcito de la utilizaci\u00f3n de cualquier contenido y\/o de la realizaci\u00f3n de cualquier actividad en las p\u00e1ginas web incluidas o accesibles a trav\u00e9s del sitio web, deber\u00e1 enviar una notificaci\u00f3n a Andrea Cort\u00e9s Rodr\u00edguez identific\u00e1ndose debidamente, especificando las supuestas infracciones y declarando expresamente y bajo s u responsabilidad que la informaci\u00f3n proporcionada en la notificaci\u00f3n es exacta.<\/p>\n\n<p><strong>7. Publicaciones<\/strong><\/p>\n\n<p>La informaci\u00f3n administrativa facilitada a trav\u00e9s del sitio web no sustituye la publicidad legal de las leyes, normativas, planes, disposiciones generales y actos que tengan que ser publicados formalmente a los diarios oficiales de las administraciones p\u00fablicas, que constituyen el \u00fanico instrumento que da fe de su autenticidad y contenido. La informaci\u00f3n disponible en este sitio web debe entenderse como una gu\u00eda sin prop\u00f3sito de validez legal.<\/p>\n","protected":false},"excerpt":{"rendered":"<p>0. Objeto y aceptaci\u00f3n El presente aviso legal regula el uso del sitio web www.talladecucharas.com, del que es titular Andrea Cort\u00e9s Rodr\u00edguez. La navegaci\u00f3n por el sitio web de Talladecucharas.com atribuye la condici\u00f3n de usuario del mismo e implica la aceptaci\u00f3n plena y sin reservas de todas y cada una de las disposiciones incluidas en [&hellip;]<\/p>\n","protected":false},"author":1,"featured_media":0,"parent":0,"menu_order":0,"comment_status":"closed","ping_status":"closed","template":"","meta":{"_et_pb_use_builder":"on","_et_pb_old_content":"","_et_gb_content_width":"","_uag_custom_page_level_css":"","footnotes":""},"class_list":["post-1574","page","type-page","status-publish","hentry"],"yoast_head":"<!-- This site is optimized with the Yoast SEO plugin v27.4 - https:\/\/yoast.com\/product\/yoast-seo-wordpress\/ -->\n<title>Aviso Legal - Talla de Cucharas<\/title>\n<meta name=\"robots\" content=\"index, follow, max-snippet:-1, max-image-preview:large, max-video-preview:-1\" \/>\n<link rel=\"canonical\" href=\"https:\/\/talladecucharas.com\/en\/aviso-legal\/\" \/>\n<meta property=\"og:locale\" content=\"en_US\" \/>\n<meta property=\"og:type\" content=\"article\" \/>\n<meta property=\"og:title\" content=\"Aviso Legal - Talla de Cucharas\" \/>\n<meta property=\"og:description\" content=\"0. Objeto y aceptaci\u00f3n El presente aviso legal regula el uso del sitio web www.talladecucharas.com, del que es titular Andrea Cort\u00e9s Rodr\u00edguez. La navegaci\u00f3n por el sitio web de Talladecucharas.com atribuye la condici\u00f3n de usuario del mismo e implica la aceptaci\u00f3n plena y sin reservas de todas y cada una de las disposiciones incluidas en [&hellip;]\" \/>\n<meta property=\"og:url\" content=\"https:\/\/talladecucharas.com\/en\/aviso-legal\/\" \/>\n<meta property=\"og:site_name\" content=\"Talla de Cucharas\" \/>\n<meta property=\"article:publisher\" content=\"https:\/\/www.facebook.com\/talladecucharas\" \/>\n<meta property=\"article:modified_time\" content=\"2020-10-08T19:21:31+00:00\" \/>\n<meta name=\"twitter:card\" content=\"summary_large_image\" \/>\n<meta name=\"twitter:label1\" content=\"Est. reading time\" \/>\n\t<meta name=\"twitter:data1\" content=\"7 minutes\" \/>\n<script type=\"application\/ld+json\" class=\"yoast-schema-graph\">{\"@context\":\"https:\\\/\\\/schema.org\",\"@graph\":[{\"@type\":\"WebPage\",\"@id\":\"https:\\\/\\\/talladecucharas.com\\\/en\\\/aviso-legal\\\/\",\"url\":\"https:\\\/\\\/talladecucharas.com\\\/en\\\/aviso-legal\\\/\",\"name\":\"Aviso Legal - Talla de Cucharas\",\"isPartOf\":{\"@id\":\"https:\\\/\\\/talladecucharas.com\\\/en\\\/#website\"},\"datePublished\":\"2020-10-08T19:15:03+00:00\",\"dateModified\":\"2020-10-08T19:21:31+00:00\",\"breadcrumb\":{\"@id\":\"https:\\\/\\\/talladecucharas.com\\\/en\\\/aviso-legal\\\/#breadcrumb\"},\"inLanguage\":\"en-US\",\"potentialAction\":[{\"@type\":\"ReadAction\",\"target\":[\"https:\\\/\\\/talladecucharas.com\\\/en\\\/aviso-legal\\\/\"]}]},{\"@type\":\"BreadcrumbList\",\"@id\":\"https:\\\/\\\/talladecucharas.com\\\/en\\\/aviso-legal\\\/#breadcrumb\",\"itemListElement\":[{\"@type\":\"ListItem\",\"position\":1,\"name\":\"Portada\",\"item\":\"https:\\\/\\\/talladecucharas.com\\\/en\\\/\"},{\"@type\":\"ListItem\",\"position\":2,\"name\":\"Aviso Legal\"}]},{\"@type\":\"WebSite\",\"@id\":\"https:\\\/\\\/talladecucharas.com\\\/en\\\/#website\",\"url\":\"https:\\\/\\\/talladecucharas.com\\\/en\\\/\",\"name\":\"Talla de Cucharas\",\"description\":\"Todo sobre la talla de cucharas en madera\",\"publisher\":{\"@id\":\"https:\\\/\\\/talladecucharas.com\\\/en\\\/#organization\"},\"potentialAction\":[{\"@type\":\"SearchAction\",\"target\":{\"@type\":\"EntryPoint\",\"urlTemplate\":\"https:\\\/\\\/talladecucharas.com\\\/en\\\/?s={search_term_string}\"},\"query-input\":{\"@type\":\"PropertyValueSpecification\",\"valueRequired\":true,\"valueName\":\"search_term_string\"}}],\"inLanguage\":\"en-US\"},{\"@type\":\"Organization\",\"@id\":\"https:\\\/\\\/talladecucharas.com\\\/en\\\/#organization\",\"name\":\"Talla de Cucharas\",\"url\":\"https:\\\/\\\/talladecucharas.com\\\/en\\\/\",\"logo\":{\"@type\":\"ImageObject\",\"inLanguage\":\"en-US\",\"@id\":\"https:\\\/\\\/talladecucharas.com\\\/en\\\/#\\\/schema\\\/logo\\\/image\\\/\",\"url\":\"https:\\\/\\\/i2.wp.com\\\/talladecucharas.com\\\/wp-content\\\/uploads\\\/2019\\\/05\\\/logo-talla-de-cucharas.png?fit=981%2C277&ssl=1\",\"contentUrl\":\"https:\\\/\\\/i2.wp.com\\\/talladecucharas.com\\\/wp-content\\\/uploads\\\/2019\\\/05\\\/logo-talla-de-cucharas.png?fit=981%2C277&ssl=1\",\"width\":981,\"height\":277,\"caption\":\"Talla de Cucharas\"},\"image\":{\"@id\":\"https:\\\/\\\/talladecucharas.com\\\/en\\\/#\\\/schema\\\/logo\\\/image\\\/\"},\"sameAs\":[\"https:\\\/\\\/www.facebook.com\\\/talladecucharas\",\"https:\\\/\\\/www.instagram.com\\\/talladecucharas\\\/\",\"https:\\\/\\\/www.pinterest.es\\\/tallacucharas\\\/\"]}]}<\/script>\n<!-- \/ Yoast SEO plugin. -->","yoast_head_json":{"title":"Aviso Legal - Talla de Cucharas","robots":{"index":"index","follow":"follow","max-snippet":"max-snippet:-1","max-image-preview":"max-image-preview:large","max-video-preview":"max-video-preview:-1"},"canonical":"https:\/\/talladecucharas.com\/en\/aviso-legal\/","og_locale":"en_US","og_type":"article","og_title":"Aviso Legal - Talla de Cucharas","og_description":"0. Objeto y aceptaci\u00f3n El presente aviso legal regula el uso del sitio web www.talladecucharas.com, del que es titular Andrea Cort\u00e9s Rodr\u00edguez. La navegaci\u00f3n por el sitio web de Talladecucharas.com atribuye la condici\u00f3n de usuario del mismo e implica la aceptaci\u00f3n plena y sin reservas de todas y cada una de las disposiciones incluidas en [&hellip;]","og_url":"https:\/\/talladecucharas.com\/en\/aviso-legal\/","og_site_name":"Talla de Cucharas","article_publisher":"https:\/\/www.facebook.com\/talladecucharas","article_modified_time":"2020-10-08T19:21:31+00:00","twitter_card":"summary_large_image","twitter_misc":{"Est. reading time":"7 minutes"},"schema":{"@context":"https:\/\/schema.org","@graph":[{"@type":"WebPage","@id":"https:\/\/talladecucharas.com\/en\/aviso-legal\/","url":"https:\/\/talladecucharas.com\/en\/aviso-legal\/","name":"Aviso Legal - Talla de Cucharas","isPartOf":{"@id":"https:\/\/talladecucharas.com\/en\/#website"},"datePublished":"2020-10-08T19:15:03+00:00","dateModified":"2020-10-08T19:21:31+00:00","breadcrumb":{"@id":"https:\/\/talladecucharas.com\/en\/aviso-legal\/#breadcrumb"},"inLanguage":"en-US","potentialAction":[{"@type":"ReadAction","target":["https:\/\/talladecucharas.com\/en\/aviso-legal\/"]}]},{"@type":"BreadcrumbList","@id":"https:\/\/talladecucharas.com\/en\/aviso-legal\/#breadcrumb","itemListElement":[{"@type":"ListItem","position":1,"name":"Portada","item":"https:\/\/talladecucharas.com\/en\/"},{"@type":"ListItem","position":2,"name":"Aviso Legal"}]},{"@type":"WebSite","@id":"https:\/\/talladecucharas.com\/en\/#website","url":"https:\/\/talladecucharas.com\/en\/","name":"Talla de Cucharas","description":"Todo sobre la talla de cucharas en madera","publisher":{"@id":"https:\/\/talladecucharas.com\/en\/#organization"},"potentialAction":[{"@type":"SearchAction","target":{"@type":"EntryPoint","urlTemplate":"https:\/\/talladecucharas.com\/en\/?s={search_term_string}"},"query-input":{"@type":"PropertyValueSpecification","valueRequired":true,"valueName":"search_term_string"}}],"inLanguage":"en-US"},{"@type":"Organization","@id":"https:\/\/talladecucharas.com\/en\/#organization","name":"Talla de Cucharas","url":"https:\/\/talladecucharas.com\/en\/","logo":{"@type":"ImageObject","inLanguage":"en-US","@id":"https:\/\/talladecucharas.com\/en\/#\/schema\/logo\/image\/","url":"https:\/\/i2.wp.com\/talladecucharas.com\/wp-content\/uploads\/2019\/05\/logo-talla-de-cucharas.png?fit=981%2C277&ssl=1","contentUrl":"https:\/\/i2.wp.com\/talladecucharas.com\/wp-content\/uploads\/2019\/05\/logo-talla-de-cucharas.png?fit=981%2C277&ssl=1","width":981,"height":277,"caption":"Talla de Cucharas"},"image":{"@id":"https:\/\/talladecucharas.com\/en\/#\/schema\/logo\/image\/"},"sameAs":["https:\/\/www.facebook.com\/talladecucharas","https:\/\/www.instagram.com\/talladecucharas\/","https:\/\/www.pinterest.es\/tallacucharas\/"]}]}},"uagb_featured_image_src":{"full":false,"thumbnail":false,"medium":false,"medium_large":false,"large":false,"1536x1536":false,"2048x2048":false,"et-pb-post-main-image":false,"et-pb-post-main-image-fullwidth":false,"et-pb-portfolio-image":false,"et-pb-portfolio-module-image":false,"et-pb-portfolio-image-single":false,"et-pb-gallery-module-image-portrait":false,"et-pb-post-main-image-fullwidth-large":false,"et-pb-image--responsive--desktop":false,"et-pb-image--responsive--tablet":false,"et-pb-image--responsive--phone":false,"woocommerce_thumbnail":false,"woocommerce_single":false,"woocommerce_gallery_thumbnail":false},"uagb_author_info":{"display_name":"Andrea Cort\u00e9s","author_link":"https:\/\/talladecucharas.com\/en\/author\/andreacortes\/"},"uagb_comment_info":0,"uagb_excerpt":"0. Objeto y aceptaci\u00f3n El presente aviso legal regula el uso del sitio web www.talladecucharas.com, del que es titular Andrea Cort\u00e9s Rodr\u00edguez. La navegaci\u00f3n por el sitio web de Talladecucharas.com atribuye la condici\u00f3n de usuario del mismo e implica la aceptaci\u00f3n plena y sin reservas de todas y cada una de las disposiciones incluidas en&hellip;","_links":{"self":[{"href":"https:\/\/talladecucharas.com\/en\/wp-json\/wp\/v2\/pages\/1574","targetHints":{"allow":["GET"]}}],"collection":[{"href":"https:\/\/talladecucharas.com\/en\/wp-json\/wp\/v2\/pages"}],"about":[{"href":"https:\/\/talladecucharas.com\/en\/wp-json\/wp\/v2\/types\/page"}],"author":[{"embeddable":true,"href":"https:\/\/talladecucharas.com\/en\/wp-json\/wp\/v2\/users\/1"}],"replies":[{"embeddable":true,"href":"https:\/\/talladecucharas.com\/en\/wp-json\/wp\/v2\/comments?post=1574"}],"version-history":[{"count":5,"href":"https:\/\/talladecucharas.com\/en\/wp-json\/wp\/v2\/pages\/1574\/revisions"}],"predecessor-version":[{"id":1579,"href":"https:\/\/talladecucharas.com\/en\/wp-json\/wp\/v2\/pages\/1574\/revisions\/1579"}],"wp:attachment":[{"href":"https:\/\/talladecucharas.com\/en\/wp-json\/wp\/v2\/media?parent=1574"}],"curies":[{"name":"wp","href":"https:\/\/api.w.org\/{rel}","templated":true}]}}