{"id":1580,"date":"2020-10-08T20:49:52","date_gmt":"2020-10-08T18:49:52","guid":{"rendered":"https:\/\/talladecucharas.com\/politica-de-privacidad\/"},"modified":"2020-10-08T21:22:47","modified_gmt":"2020-10-08T19:22:47","slug":"politica-de-privacidad","status":"publish","type":"page","link":"https:\/\/talladecucharas.com\/en\/politica-de-privacidad\/","title":{"rendered":"Pol\u00edtica de Privacidad"},"content":{"rendered":"\n<p><strong>Protecci\u00f3n de datos de car\u00e1cter personal<\/strong><\/p>\n\n<p><strong>Titularidad:<\/strong><\/p>\n\n<p>Andrea Cort\u00e9s Rodr\u00edguez, como responsable del tratamiento de los datos personales, se obliga a cumplir la legislaci\u00f3n vigente en materia de protecci\u00f3n de datos personales contenida en la Ley Org\u00e1nica 15\/1999, y dem\u00e1s normas que la complementen y desarrollen posteriormente.<\/p>\n\n<p>Nombre comercial: Talladecucharas.com<\/p>\n\n<p>Denominaci\u00f3n social: Andrea Cort\u00e9s Rodr\u00edguez<\/p>\n\n<p>Pacific 29. 08027. Barcelona<\/p>\n\n<p>NIF: ES26540449J<\/p>\n\n<p>Tel\u00e9fono: 628413905<\/p>\n\n<p>Correo electr\u00f3nico: info@talladecucharas.com<\/p>\n\n<p>Dominio: talladecucharas.com registrado por Andrea Cort\u00e9s Rodr\u00edguez<\/p>\n\n<p><strong>Finalidad:<\/strong><\/p>\n\n<p>La informaci\u00f3n solicitada -proporcionada de forma totalmente voluntaria y expresa-, queda registrada en un fichero automatizado denominado clientes, gestionado por Andrea Cort\u00e9s y con la finalidad de enviar, de forma espor\u00e1dica, informaci\u00f3n comercial acerca de nuestros productos y \/ o servicios, tras haber realizado la suscripci\u00f3n voluntaria a trav\u00e9s de los formularios existentes en la p\u00e1gina web talladecucharas.com. En el formulario de registro de alta de cliente, la finalidad es la realizaci\u00f3n del contrato de venta (factura) y env\u00edo de los productos adquiridos.<\/p>\n\n<p><strong>Legitimidad:<\/strong><\/p>\n\n<p>El interesado ha dado su consentimiento para el tratamiento de sus datos personales en los fines espec\u00edficos detallados en cada uno de los formularios de recogida de datos.<\/p>\n\n<p>El tratamiento es necesario, o para el envi\u00f3 espor\u00e1dico de comunicaciones comerciales o bien el tratamiento es necesario para la ejecuci\u00f3n del contrato detallado en la factura de venta o bien para ambas situaciones, seg\u00fan el consentimiento que nos has otorgado, de forma voluntaria.<\/p>\n\n<p><strong>Conservaci\u00f3n de los datos:<\/strong><\/p>\n\n<p>Tus datos personales ser\u00e1n conservados mientras dure la relaci\u00f3n contractual y comercial o tu solicites la supresi\u00f3n.<\/p>\n\n<p><strong>Derechos de los interesados:<\/strong><\/p>\n\n<p>El usuario tiene derecho a acceder a los datos proporcionados, rectificarlos, cancelarlos u oponerse al env\u00edo de comunicaciones, puede ejercer el derecho de acceso, rectificaci\u00f3n, supresi\u00f3n, oposici\u00f3n, limitaci\u00f3n del tratamiento o portabilidad, de acuerdo con el Reglamento general europeo de protecci\u00f3n de datos personales y normativas de desarrollo. Para ello s\u00f3lo tiene que comunicarlo por correo postal a Andrea Cort\u00e9s Rodr\u00edguez en C\/Pacific 29. 08027. Barcelona, indicando \u201cprotecci\u00f3n de datos\u201d o por correo electr\u00f3nico, a la direcci\u00f3n de correo electr\u00f3nico <a href=\"mailto:info@talladecucharas.com\">info@talladecucharas.com<\/a> especificando en el asunto \u201cprotecci\u00f3n de datos\u201d y adjuntando tu DNI.<\/p>\n\n<figure class=\"wp-block-table\"><table><tbody><tr><td><strong>Derechos de los interesados<\/strong><\/td><td>\u00a0<\/td><\/tr><tr><td>\u00a0<\/td><td>\u00a0<\/td><\/tr><tr><td><strong>Derecho<\/strong><\/td><td><strong>Contenido<\/strong><\/td><\/tr><tr><td>Acceso<\/td><td>Puedes consultar tus datos personales incluidos en nuestros ficheros<\/td><\/tr><tr><td>Rectificaci\u00f3n<\/td><td>Puedes rectificar tus datos personales cuando resulten inexactos<\/td><\/tr><tr><td>Supresi\u00f3n<\/td><td>Puedes solicitar la supresi\u00f3n de tus datos personales<\/td><\/tr><tr><td>Oposici\u00f3n<\/td><td>Puedes solicitar que no se traten tus datos personales<\/td><\/tr><tr><td>Limitaci\u00f3n del tratamiento<\/td><td>En determinadas circunstancias, puedes solicitar la limitaci\u00f3n del tratamiento de tus datos<\/td><\/tr><tr><td>Portabilidad<\/td><td>Puedes solicitar la portabilidad de tus datos<\/td><\/tr><tr><td>\u00a0<\/td><td>\u00a0<\/td><\/tr><tr><td><strong>Derechos de protecci\u00f3n de datos:<\/strong><\/td><td><strong>Contacto:<\/strong><\/td><\/tr><tr><td>\u00a0<\/td><td>\u00a0<\/td><\/tr><tr><td>Para ejercitar tus derechos, tienes que acompa\u00f1ar tu solicitud con una copia de tu DNI o documento acreditativo de tu identidad y enviarlo a:<\/td><td>Andrea Cort\u00e9s Rodr\u00edguez en C\/Pacific 29. 08027. Barcelona<br\/>info@talladecucharas.com<\/td><\/tr><\/tbody><\/table><\/figure>\n<p><strong>Cesi\u00f3n de datos:<\/strong><\/p>\n\n<p> En ning\u00fan caso tus datos ser\u00e1n utilizados para fines distintos a los detallados en cada formulario ni ser\u00e1n cedidos a terceros no detallados en este documento.<\/p>\n\n<p><strong>Medidas de seguridad:<\/strong><\/p>\n\n<p>Los datos personales contenidos en el fichero denominado clientes, ser\u00e1n tratados conforme a las exigencias legales, adopt\u00e1ndose las medidas de seguridad correspondientes para evitar su alteraci\u00f3n, p\u00e9rdida, tratamiento o acceso no autorizado. Se entiende que los datos facilitados por ti son verdaderos, exactos y actualizados, siendo de tu responsabilidad las consecuencias que pudiera ocasionar a terceros la cumplimentaci\u00f3n del formulario con datos falsos o inexactos.<\/p>\n\n<p>Todas las comunicaciones se realizan de forma encriptada y mediante protocolos seguros SSL. El servidor web incorpora un certificado SSL para brindar seguridad al visitante y confirmarte que el sitio es aut\u00e9ntico, real y confiable para ingresar datos personales. SSL es un protocolo de seguridad que hace que tus datos viajen de manera \u00edntegra y segura, es decir, la transmisi\u00f3n de los datos entre el servidor y el usuario web, y a la inversa, es totalmente cifrada o encriptada.<\/p>\n\n<p><strong>Redes sociales: <\/strong><\/p>\n\n<p>Condiciones de uso de las redes sociales:<\/p>\n\n<p>Los perfiles en las siguientes redes sociales:<\/p>\n\n<p><a href=\"https:\/\/www.facebook.com\/talladecucharas\/\" target=\"_blank\" rel=\"noreferrer noopener\">Facebook<\/a><\/p>\n\n<p><a href=\"https:\/\/www.instagram.com\/talladecucharas\" target=\"_blank\" rel=\"noreferrer noopener\">Instagram <\/a><\/p>\n\n<p>tienen como prop\u00f3sito publicar contenido para promocionar el contenido del blog y los productos de la tienda.<\/p>\n\n<p>Talladecucharas.com no recoge, ni solicita, ni almacena datos personales de los usuarios a trav\u00e9s de las redes sociales.<\/p>\n\n<p><strong>Legislaci\u00f3n y fuero<\/strong><\/p>\n\n<p>La prestaci\u00f3n del servicio se rige por la legislaci\u00f3n espa\u00f1ola, siendo competentes los Tribunales de Barcelona, a los que el Usuario se somete expresamente<\/p>\n","protected":false},"excerpt":{"rendered":"<p>Protecci\u00f3n de datos de car\u00e1cter personal Titularidad: Andrea Cort\u00e9s Rodr\u00edguez, como responsable del tratamiento de los datos personales, se obliga a cumplir la legislaci\u00f3n vigente en materia de protecci\u00f3n de datos personales contenida en la Ley Org\u00e1nica 15\/1999, y dem\u00e1s normas que la complementen y desarrollen posteriormente. Nombre comercial: Talladecucharas.com Denominaci\u00f3n social: Andrea Cort\u00e9s Rodr\u00edguez [&hellip;]<\/p>\n","protected":false},"author":1,"featured_media":0,"parent":0,"menu_order":0,"comment_status":"closed","ping_status":"closed","template":"","meta":{"_et_pb_use_builder":"on","_et_pb_old_content":"","_et_gb_content_width":"","_uag_custom_page_level_css":"","footnotes":""},"class_list":["post-1580","page","type-page","status-publish","hentry"],"uagb_featured_image_src":{"full":false,"thumbnail":false,"medium":false,"medium_large":false,"large":false,"1536x1536":false,"2048x2048":false,"et-pb-post-main-image":false,"et-pb-post-main-image-fullwidth":false,"et-pb-portfolio-image":false,"et-pb-portfolio-module-image":false,"et-pb-portfolio-image-single":false,"et-pb-gallery-module-image-portrait":false,"et-pb-post-main-image-fullwidth-large":false,"et-pb-image--responsive--desktop":false,"et-pb-image--responsive--tablet":false,"et-pb-image--responsive--phone":false,"woocommerce_thumbnail":false,"woocommerce_single":false,"woocommerce_gallery_thumbnail":false},"uagb_author_info":{"display_name":"Andrea Cort\u00e9s","author_link":"https:\/\/talladecucharas.com\/en\/author\/andreacortes\/"},"uagb_comment_info":0,"uagb_excerpt":"Protecci\u00f3n de datos de car\u00e1cter personal Titularidad: Andrea Cort\u00e9s Rodr\u00edguez, como responsable del tratamiento de los datos personales, se obliga a cumplir la legislaci\u00f3n vigente en materia de protecci\u00f3n de datos personales contenida en la Ley Org\u00e1nica 15\/1999, y dem\u00e1s normas que la complementen y desarrollen posteriormente. Nombre comercial: Talladecucharas.com Denominaci\u00f3n social: Andrea Cort\u00e9s Rodr\u00edguez&hellip;","_links":{"self":[{"href":"https:\/\/talladecucharas.com\/en\/wp-json\/wp\/v2\/pages\/1580","targetHints":{"allow":["GET"]}}],"collection":[{"href":"https:\/\/talladecucharas.com\/en\/wp-json\/wp\/v2\/pages"}],"about":[{"href":"https:\/\/talladecucharas.com\/en\/wp-json\/wp\/v2\/types\/page"}],"author":[{"embeddable":true,"href":"https:\/\/talladecucharas.com\/en\/wp-json\/wp\/v2\/users\/1"}],"replies":[{"embeddable":true,"href":"https:\/\/talladecucharas.com\/en\/wp-json\/wp\/v2\/comments?post=1580"}],"version-history":[{"count":2,"href":"https:\/\/talladecucharas.com\/en\/wp-json\/wp\/v2\/pages\/1580\/revisions"}],"predecessor-version":[{"id":1582,"href":"https:\/\/talladecucharas.com\/en\/wp-json\/wp\/v2\/pages\/1580\/revisions\/1582"}],"wp:attachment":[{"href":"https:\/\/talladecucharas.com\/en\/wp-json\/wp\/v2\/media?parent=1580"}],"curies":[{"name":"wp","href":"https:\/\/api.w.org\/{rel}","templated":true}]}}