{"id":1583,"date":"2020-05-21T11:37:32","date_gmt":"2020-05-21T09:37:32","guid":{"rendered":"https:\/\/talladecucharas.com\/politica-de-cookies\/"},"modified":"2020-10-08T21:26:31","modified_gmt":"2020-10-08T19:26:31","slug":"politica-de-cookies","status":"publish","type":"page","link":"https:\/\/talladecucharas.com\/en\/politica-de-cookies\/","title":{"rendered":"Pol\u00edtica de Cookies"},"content":{"rendered":"\n<p>Una cookie es un peque\u00f1o fichero de texto que se almacena en el navegador cuando visitas casi cualquier p\u00e1gina web. Su utilidad es que la web sea capaz de recordar tu visita cuando vuelvas a navegar por esa p\u00e1gina. Las cookies suelen almacenar informaci\u00f3n de car\u00e1cter t\u00e9cnico, preferencias personales, personalizaci\u00f3n de contenidos, estad\u00edsticas de uso, enlaces a redes sociales, acceso a cuentas de usuario, etc. El objetivo de la cookie es adaptar el contenido de la web a tu perfil y necesidades. Sin cookies, los servicios ofrecidos por cualquier p\u00e1gina se ver\u00edan mermados notablemente.<\/p>\n\n<h2 class=\"wp-block-heading\">\u00bfQu\u00e9 informaci\u00f3n almacena una cookie?<\/h2>\n\n<p>Las <em>cookies<\/em> no suelen almacenar informaci\u00f3n sensible sobre usted, como tarjetas de cr\u00e9dito o datos bancarios, fotograf\u00edas, su DNI o informaci\u00f3n personal, etc. Los datos que guardan son de car\u00e1cter t\u00e9cnico, preferencias personales, personalizaci\u00f3n de contenidos, etc.<\/p>\n\n<p>El servidor web no le asocia a usted como persona si no a su navegador web. De hecho, si usted navega habitualmente con Internet Explorer y prueba a navegar por la misma web con Firefox o Chrome ver\u00e1 que la web no se da cuenta que es usted la misma persona porque en realidad est\u00e1 asociando al navegador, no a la persona.<\/p>\n\n<h2 class=\"wp-block-heading\">\u00bfQu\u00e9 tipo de cookies existen?<\/h2>\n\n<ul class=\"wp-block-list\"><li>        <em>Cookies<\/em> t\u00e9cnicas: Son las m\u00e1s elementales y permiten, entre otras cosas, saber cu\u00e1ndo est\u00e1 navegando un humano o una aplicaci\u00f3n automatizada, cu\u00e1ndo navega un usuario an\u00f3nimo y uno registrado, tareas b\u00e1sicas para el funcionamiento de cualquier web din\u00e1mica.<\/li><li>        <em>Cookies<\/em> de an\u00e1lisis: Recogen informaci\u00f3n sobre el tipo de navegaci\u00f3n que est\u00e1 realizando, las secciones que m\u00e1s utiliza, productos consultados, franja horaria de uso, idioma, etc.<\/li><li>        <em>Cookies<\/em> publicitarias: Muestran publicidad en funci\u00f3n de su navegaci\u00f3n, su pa\u00eds de procedencia, idioma, etc.<\/li><\/ul>\n<h2 class=\"wp-block-heading\">\u00bfQu\u00e9 son las cookies propias y las de terceros?<\/h2>\n\n<p>Las <em>cookies propias<\/em> son las generadas por la p\u00e1gina que est\u00e1 visitando y las <em>de terceros<\/em> son las generadas por servicios o proveedores externos como Facebook, Twitter, Google, etc.<\/p>\n\n<h2 class=\"wp-block-heading\">\u00bfQu\u00e9 ocurre si desactivo las cookies?<\/h2>\n\n<p>Para que entienda el alcance que puede tener desactivar las <em>cookies<\/em> le mostramos unos ejemplos:<\/p>\n\n<ul class=\"wp-block-list\"><li>No podr\u00e1 compartir contenidos de esa web en Facebook, Twitter o cualquier otra red social.<\/li><li>El sitio web no podr\u00e1 adaptar los contenidos a sus preferencias personales, como suele ocurrir en las tiendas online.<\/li><li>No podr\u00e1 acceder al \u00e1rea personal de esa web, como por ejemplo <em>Mi cuenta<\/em>, o <em>Mi perfil<\/em> o <em>Mis pedidos<\/em>.<\/li><li>Tiendas online: Le ser\u00e1 imposible realizar compras online, tendr\u00e1n que ser telef\u00f3nicas o visitando la tienda f\u00edsica si es que dispone de ella.<\/li><li>No ser\u00e1 posible personalizar sus preferencias geogr\u00e1ficas como franja horaria, divisa o idioma.<\/li><li>El sitio web no podr\u00e1 realizar anal\u00edticas web sobre visitantes y tr\u00e1fico en la web, lo que dificultar\u00e1 que la web sea competitiva.<\/li><li>No podr\u00e1 escribir en el blog, no podr\u00e1 subir fotos, publicar comentarios, valorar o puntuar contenidos. La web tampoco podr\u00e1 saber si usted es un humano o una aplicaci\u00f3n automatizada que publica <em>spam<\/em>.<\/li><li>No se podr\u00e1 mostrar publicidad sectorizada, lo que reducir\u00e1 los ingresos publicitarios de la web.<\/li><li>Todas las redes sociales usan <em>cookies<\/em>, si las desactiva no podr\u00e1 utilizar ninguna red social.<\/li><\/ul>\n<h2 class=\"wp-block-heading\">\u00bfSe pueden eliminar las cookies?<\/h2>\n\n<p>S\u00ed. No s\u00f3lo eliminar, tambi\u00e9n bloquear, de forma general o particular para un dominio espec\u00edfico.<\/p>\n\n<p>Para eliminar las <em>cookies<\/em> de un sitio web debe ir a la configuraci\u00f3n de su navegador y all\u00ed podr\u00e1 buscar las asociadas al dominio en cuesti\u00f3n y proceder a su eliminaci\u00f3n.<\/p>\n\n<h2 class=\"wp-block-heading\">Configuraci\u00f3n de cookies para los navegadores m\u00e1s populares<\/h2>\n\n<p>A continuaci\u00f3n le indicamos c\u00f3mo acceder a una <em>cookie<\/em> determinada del navegador Chrome. Nota: estos pasos pueden variar en funci\u00f3n de la versi\u00f3n del navegador:<\/p>\n\n<ol class=\"wp-block-list\"><li>Vaya a Configuraci\u00f3n o Preferencias mediante el men\u00fa Archivo o bien pinchando el icono de personalizaci\u00f3n que aparece arriba a la derecha.<\/li><li>Ver\u00e1 diferentes secciones, pinche la opci\u00f3n <em>Mostrar opciones avanzadas<\/em>.<\/li><li>Vaya a <em>Privacidad<\/em>, <em>Configuraci\u00f3n de contenido<\/em>.<\/li><li>Seleccione <em>Todas las cookies y los datos de sitios<\/em>.<\/li><li>Aparecer\u00e1 un listado con todas las <em>cookies<\/em> ordenadas por dominio. Para que le sea m\u00e1s f\u00e1cil encontrar las <em>cookies<\/em>de un determinado dominio introduzca parcial o totalmente la direcci\u00f3n en el campo <em>Buscar cookies<\/em>.<\/li><li>Tras realizar este filtro aparecer\u00e1n en pantalla una o varias l\u00edneas con las <em>cookies<\/em> de la web solicitada. Ahora s\u00f3lo tiene que seleccionarla y pulsar la <em>X<\/em> para proceder a su eliminaci\u00f3n.<\/li><\/ol>\n<p>Para acceder a la configuraci\u00f3n de <em>cookies<\/em> del navegador Internet Explorer siga estos pasos (pueden variar en funci\u00f3n de la versi\u00f3n del navegador):<\/p>\n\n<ol class=\"wp-block-list\"><li>Vaya a <em>Herramientas<\/em>, <em>Opciones de Internet<\/em><\/li><li>Haga click en <em>Privacidad<\/em>.<\/li><li>Mueva el deslizador hasta ajustar el nivel de privacidad que desee.<\/li><\/ol>\n<p>Para acceder a la configuraci\u00f3n de <em>cookies<\/em> del navegador Firefox siga estos pasos (pueden variar en funci\u00f3n de la versi\u00f3n del navegador):<\/p>\n\n<ol class=\"wp-block-list\"><li>Vaya a <em>Opciones<\/em> o <em>Preferencias<\/em> seg\u00fan su sistema operativo.<\/li><li>Haga click en <em>Privacidad<\/em>.<\/li><li>En <em>Historial<\/em> elija <em>Usar una configuraci\u00f3n personalizada para el historial<\/em>.<\/li><li>Ahora ver\u00e1 la opci\u00f3n <em>Aceptar cookies<\/em>, puede activarla o desactivarla seg\u00fan sus preferencias.<\/li><\/ol>\n<p>Para acceder a la configuraci\u00f3n de <em>cookies<\/em> del navegador Safari para OSX siga estos pasos (pueden variar en funci\u00f3n de la versi\u00f3n del navegador):<\/p>\n\n<ol class=\"wp-block-list\"><li>Vaya a <em>Preferencias<\/em>, luego <em>Privacidad<\/em>.<\/li><li>En este lugar ver\u00e1 la opci\u00f3n <em>Bloquear cookies<\/em> para que ajuste el tipo de bloqueo que desea realizar.<\/li><\/ol>\n<p>Para acceder a la configuraci\u00f3n de <em>cookies<\/em> del navegador Safari para iOS siga estos pasos (pueden variar en funci\u00f3n de la versi\u00f3n del navegador):<\/p>\n\n<ol class=\"wp-block-list\"><li>Vaya a <em>Ajustes<\/em>, luego <em>Safari<\/em>.<\/li><li>Vaya a <em>Privacidad y Seguridad<\/em>, ver\u00e1 la opci\u00f3n <em>Bloquear cookies<\/em> para que ajuste el tipo de bloqueo que desea realizar.<\/li><\/ol>\n<p>Para acceder a la configuraci\u00f3n de <em>cookies<\/em> del navegador para dispositivos Android siga estos pasos (pueden variar en funci\u00f3n de la versi\u00f3n del navegador):<\/p>\n\n<ol class=\"wp-block-list\"><li>Ejecute el navegador y pulse la tecla <em>Men\u00fa<\/em>, luego <em>Ajustes<\/em>.<\/li><li>Vaya a <em>Seguridad y Privacidad<\/em>, ver\u00e1 la opci\u00f3n <em>Aceptar cookies<\/em> para que active o desactive la casilla.<\/li><\/ol>\n<p>Para acceder a la configuraci\u00f3n de <em>cookies<\/em> del navegador para dispositivos Windows Phone siga estos pasos (pueden variar en funci\u00f3n de la versi\u00f3n del navegador):<\/p>\n\n<ol class=\"wp-block-list\"><li>Abra <em>Internet Explorer<\/em>, luego <em>M\u00e1s<\/em>, luego <em>Configuraci\u00f3n<\/em><\/li><li>Ahora puede activar o desactivar la casilla <em>Permitir cookies<\/em>.<\/li><\/ol>\n<h2 class=\"wp-block-heading\">Cookies utilizadas en este sitio web<\/h2>\n\n<p>Siguiendo las directrices de la Agencia Espa\u00f1ola de Protecci\u00f3n de Datos procedemos a detallar el uso de <em>cookies<\/em> que hace esta web con el fin de informarle con la m\u00e1xima exactitud posible.<\/p>\n\n<p>Este sitio web utiliza las siguientes <strong>cookies propias<\/strong>:<\/p>\n\n<ul class=\"wp-block-list\"><li><strong>Cookies t\u00e9cnicas<\/strong>. Permiten al usuario la navegaci\u00f3n a trav\u00e9s de una p\u00e1gina Web, plataforma o aplicaci\u00f3n y la utilizaci\u00f3n de diferentes opciones o servicios que existen en ella, como por ejemplo, recordar la identificaci\u00f3n de sesi\u00f3n o acceso a partes restringidas, o para garantizar que los usuarios que escriben comentarios en el blog sean humanos y no aplicaciones automatizadas, para combatir el spam.<\/li><\/ul>\n<p>Este sitio web utiliza las siguientes <strong>cookies de terceros<\/strong>:<\/p>\n\n<ul class=\"wp-block-list\"><li><strong>Google Analytics<\/strong>: Almacena <em>cookies<\/em> para poder elaborar estad\u00edsticas sobre el tr\u00e1fico y volumen de visitas de esta web. Al utilizar este sitio web est\u00e1 consintiendo el tratamiento de informaci\u00f3n acerca de ti por Google. Por tanto, el ejercicio de cualquier derecho en este sentido deber\u00e1s hacerlo comunicando directamente con Google.<\/li><li><strong>Redes sociales<\/strong>: Cada red social utiliza sus propias <em>cookies<\/em> para que usted pueda pinchar en botones del tipo <em>Me gusta<\/em> o <em>Compartir<\/em>.<\/li><\/ul>\n<h2 class=\"wp-block-heading\">Desactivaci\u00f3n o eliminaci\u00f3n de cookies<\/h2>\n\n<p>En cualquier momento podr\u00e1 ejercer su derecho de desactivaci\u00f3n o eliminaci\u00f3n de cookies de este sitio web. Estas acciones se realizan de forma diferente en funci\u00f3n del navegador que est\u00e9 usando.<\/p>\n\n<h2 class=\"wp-block-heading\">Notas adicionales<\/h2>\n\n<ul class=\"wp-block-list\"><li> Ni esta web ni sus representantes legales se hacen responsables ni del contenido ni de la veracidad de las pol\u00edticas de privacidad que puedan tener los terceros mencionados en esta pol\u00edtica de <em>cookies<\/em>.<\/li><li> Los navegadores web son las herramientas encargadas de almacenar las <em>cookies<\/em> y desde este lugar debe efectuar su derecho a eliminaci\u00f3n o desactivaci\u00f3n de las mismas. Ni esta web ni sus representantes legales pueden garantizar la correcta o incorrecta manipulaci\u00f3n de las <em>cookies<\/em> por parte de los mencionados navegadores.<\/li><li> En algunos casos es necesario instalar <em>cookies<\/em> para que el navegador no olvide su decisi\u00f3n de no aceptaci\u00f3n de las mismas.<\/li><li> En el caso de las <em>cookies<\/em> de Google Analytics, esta empresa almacena las <em>cookies<\/em> en servidores ubicados en Estados Unidos y se compromete a no compartirla con terceros, excepto en los casos en los que sea necesario para el funcionamiento del sistema o cuando la ley obligue a tal efecto. Si quieres saber m\u00e1s informaci\u00f3n acerca del uso de las cookies en Google Analytics, accede a <a href=\"https:\/\/developers.google.com\/analytics\/devguides\/collection\/analyticsjs\/cookie-usage?hl=es&amp;csw=1\">este enlace.<\/a>  <strong>Google Inc. garantiza que todos los datos transferidos ser\u00e1n tratados con un nivel de protecci\u00f3n acorde a <\/strong><a href=\"https:\/\/www.eugdpr.org\/\"><strong>la normativa europea<\/strong><\/a><strong> que en este enlace puedes consultar. Si deseas informaci\u00f3n sobre el uso que Google da a las cookies le adjuntamos este <\/strong><a href=\"https:\/\/policies.google.com\/technologies\/cookies?hl=es\"><strong>otro enlace<\/strong><\/a><strong>. Si quieres m\u00e1s informaci\u00f3n acerca de c\u00f3mo habilitar o deshabilitar las cookies en Google, accede a <\/strong><a href=\"https:\/\/support.google.com\/accounts\/answer\/61416?co=GENIE.Platform%3DDesktop&amp;hl=es\"><strong>este enlace<\/strong><\/a><\/li><\/ul>\n<ul class=\"wp-block-list\"><li>  <strong>Para cualquier duda o consulta acerca de esta pol\u00edtica de cookies no dudes en comunicarse con nosotros a trav\u00e9s de la secci\u00f3n de contacto.<\/strong><\/li><li>  <strong>Al navegar y continuar en nuestra web nos indicas que est\u00e1 consintiendo el uso de las cookies antes enunciadas, y en las condiciones contenidas en la presente Pol\u00edtica de Cookies.<\/strong><\/li><li>  <strong>Esta web utiliza cookies propias y de terceros, con la \u00fanica finalidad de analizar la navegaci\u00f3n de usuarios por la web, de forma que esa informaci\u00f3n quede almacenada y pueda ser identificada en visitas posteriores del usuario. De esta manera, se nos permite analizar las visitas a nuestra p\u00e1gina web, <\/strong><strong>c<\/strong>on el fin de mejorar nuestra web y prestar un mejor servicio en la red.<\/li><li>  <strong>Las cookies son unos archivos que se instalan en el equipo con el que navegas a trav\u00e9s de la web, con las finalidades indicadas en la explicaci\u00f3n detallada.<\/strong><\/li><\/ul>\n<p><strong>Consentir\u00e1 el uso de las cookies, si navega por esta web accediendo a cualquier enlace de la misma. Adicionalmente, siempre puede permitir, bloquear o eliminar las cookies instaladas en su ordenador a trav\u00e9s de la configuraci\u00f3n en las opciones de su navegador.<\/strong><\/p>\n","protected":false},"excerpt":{"rendered":"<p>Una cookie es un peque\u00f1o fichero de texto que se almacena en el navegador cuando visitas casi cualquier p\u00e1gina web. Su utilidad es que la web sea capaz de recordar tu visita cuando vuelvas a navegar por esa p\u00e1gina. Las cookies suelen almacenar informaci\u00f3n de car\u00e1cter t\u00e9cnico, preferencias personales, personalizaci\u00f3n de contenidos, estad\u00edsticas de uso, [&hellip;]<\/p>\n","protected":false},"author":1,"featured_media":0,"parent":0,"menu_order":0,"comment_status":"closed","ping_status":"closed","template":"","meta":{"_et_pb_use_builder":"on","_et_pb_old_content":"","_et_gb_content_width":"","_uag_custom_page_level_css":"","footnotes":""},"class_list":["post-1583","page","type-page","status-publish","hentry"],"yoast_head":"<!-- This site is optimized with the Yoast SEO plugin v27.4 - https:\/\/yoast.com\/product\/yoast-seo-wordpress\/ -->\n<title>Pol\u00edtica de Cookies - Talla de Cucharas<\/title>\n<meta name=\"robots\" content=\"index, follow, max-snippet:-1, max-image-preview:large, max-video-preview:-1\" \/>\n<link rel=\"canonical\" href=\"https:\/\/talladecucharas.com\/en\/politica-de-cookies\/\" \/>\n<meta property=\"og:locale\" content=\"en_US\" \/>\n<meta property=\"og:type\" content=\"article\" \/>\n<meta property=\"og:title\" content=\"Pol\u00edtica de Cookies - Talla de Cucharas\" \/>\n<meta property=\"og:description\" content=\"Una cookie es un peque\u00f1o fichero de texto que se almacena en el navegador cuando visitas casi cualquier p\u00e1gina web. Su utilidad es que la web sea capaz de recordar tu visita cuando vuelvas a navegar por esa p\u00e1gina. Las cookies suelen almacenar informaci\u00f3n de car\u00e1cter t\u00e9cnico, preferencias personales, personalizaci\u00f3n de contenidos, estad\u00edsticas de uso, [&hellip;]\" \/>\n<meta property=\"og:url\" content=\"https:\/\/talladecucharas.com\/en\/politica-de-cookies\/\" \/>\n<meta property=\"og:site_name\" content=\"Talla de Cucharas\" \/>\n<meta property=\"article:publisher\" content=\"https:\/\/www.facebook.com\/talladecucharas\" \/>\n<meta property=\"article:modified_time\" content=\"2020-10-08T19:26:31+00:00\" \/>\n<meta name=\"twitter:card\" content=\"summary_large_image\" \/>\n<meta name=\"twitter:label1\" content=\"Est. reading time\" \/>\n\t<meta name=\"twitter:data1\" content=\"9 minutes\" \/>\n<script type=\"application\/ld+json\" class=\"yoast-schema-graph\">{\"@context\":\"https:\\\/\\\/schema.org\",\"@graph\":[{\"@type\":\"WebPage\",\"@id\":\"https:\\\/\\\/talladecucharas.com\\\/en\\\/politica-de-cookies\\\/\",\"url\":\"https:\\\/\\\/talladecucharas.com\\\/en\\\/politica-de-cookies\\\/\",\"name\":\"Pol\u00edtica de Cookies - Talla de Cucharas\",\"isPartOf\":{\"@id\":\"https:\\\/\\\/talladecucharas.com\\\/en\\\/#website\"},\"datePublished\":\"2020-05-21T09:37:32+00:00\",\"dateModified\":\"2020-10-08T19:26:31+00:00\",\"breadcrumb\":{\"@id\":\"https:\\\/\\\/talladecucharas.com\\\/en\\\/politica-de-cookies\\\/#breadcrumb\"},\"inLanguage\":\"en-US\",\"potentialAction\":[{\"@type\":\"ReadAction\",\"target\":[\"https:\\\/\\\/talladecucharas.com\\\/en\\\/politica-de-cookies\\\/\"]}]},{\"@type\":\"BreadcrumbList\",\"@id\":\"https:\\\/\\\/talladecucharas.com\\\/en\\\/politica-de-cookies\\\/#breadcrumb\",\"itemListElement\":[{\"@type\":\"ListItem\",\"position\":1,\"name\":\"Portada\",\"item\":\"https:\\\/\\\/talladecucharas.com\\\/en\\\/\"},{\"@type\":\"ListItem\",\"position\":2,\"name\":\"Pol\u00edtica de Cookies\"}]},{\"@type\":\"WebSite\",\"@id\":\"https:\\\/\\\/talladecucharas.com\\\/en\\\/#website\",\"url\":\"https:\\\/\\\/talladecucharas.com\\\/en\\\/\",\"name\":\"Talla de Cucharas\",\"description\":\"Todo sobre la talla de cucharas en madera\",\"publisher\":{\"@id\":\"https:\\\/\\\/talladecucharas.com\\\/en\\\/#organization\"},\"potentialAction\":[{\"@type\":\"SearchAction\",\"target\":{\"@type\":\"EntryPoint\",\"urlTemplate\":\"https:\\\/\\\/talladecucharas.com\\\/en\\\/?s={search_term_string}\"},\"query-input\":{\"@type\":\"PropertyValueSpecification\",\"valueRequired\":true,\"valueName\":\"search_term_string\"}}],\"inLanguage\":\"en-US\"},{\"@type\":\"Organization\",\"@id\":\"https:\\\/\\\/talladecucharas.com\\\/en\\\/#organization\",\"name\":\"Talla de Cucharas\",\"url\":\"https:\\\/\\\/talladecucharas.com\\\/en\\\/\",\"logo\":{\"@type\":\"ImageObject\",\"inLanguage\":\"en-US\",\"@id\":\"https:\\\/\\\/talladecucharas.com\\\/en\\\/#\\\/schema\\\/logo\\\/image\\\/\",\"url\":\"https:\\\/\\\/i2.wp.com\\\/talladecucharas.com\\\/wp-content\\\/uploads\\\/2019\\\/05\\\/logo-talla-de-cucharas.png?fit=981%2C277&ssl=1\",\"contentUrl\":\"https:\\\/\\\/i2.wp.com\\\/talladecucharas.com\\\/wp-content\\\/uploads\\\/2019\\\/05\\\/logo-talla-de-cucharas.png?fit=981%2C277&ssl=1\",\"width\":981,\"height\":277,\"caption\":\"Talla de Cucharas\"},\"image\":{\"@id\":\"https:\\\/\\\/talladecucharas.com\\\/en\\\/#\\\/schema\\\/logo\\\/image\\\/\"},\"sameAs\":[\"https:\\\/\\\/www.facebook.com\\\/talladecucharas\",\"https:\\\/\\\/www.instagram.com\\\/talladecucharas\\\/\",\"https:\\\/\\\/www.pinterest.es\\\/tallacucharas\\\/\"]}]}<\/script>\n<!-- \/ Yoast SEO plugin. -->","yoast_head_json":{"title":"Pol\u00edtica de Cookies - Talla de Cucharas","robots":{"index":"index","follow":"follow","max-snippet":"max-snippet:-1","max-image-preview":"max-image-preview:large","max-video-preview":"max-video-preview:-1"},"canonical":"https:\/\/talladecucharas.com\/en\/politica-de-cookies\/","og_locale":"en_US","og_type":"article","og_title":"Pol\u00edtica de Cookies - Talla de Cucharas","og_description":"Una cookie es un peque\u00f1o fichero de texto que se almacena en el navegador cuando visitas casi cualquier p\u00e1gina web. Su utilidad es que la web sea capaz de recordar tu visita cuando vuelvas a navegar por esa p\u00e1gina. Las cookies suelen almacenar informaci\u00f3n de car\u00e1cter t\u00e9cnico, preferencias personales, personalizaci\u00f3n de contenidos, estad\u00edsticas de uso, [&hellip;]","og_url":"https:\/\/talladecucharas.com\/en\/politica-de-cookies\/","og_site_name":"Talla de Cucharas","article_publisher":"https:\/\/www.facebook.com\/talladecucharas","article_modified_time":"2020-10-08T19:26:31+00:00","twitter_card":"summary_large_image","twitter_misc":{"Est. reading time":"9 minutes"},"schema":{"@context":"https:\/\/schema.org","@graph":[{"@type":"WebPage","@id":"https:\/\/talladecucharas.com\/en\/politica-de-cookies\/","url":"https:\/\/talladecucharas.com\/en\/politica-de-cookies\/","name":"Pol\u00edtica de Cookies - Talla de Cucharas","isPartOf":{"@id":"https:\/\/talladecucharas.com\/en\/#website"},"datePublished":"2020-05-21T09:37:32+00:00","dateModified":"2020-10-08T19:26:31+00:00","breadcrumb":{"@id":"https:\/\/talladecucharas.com\/en\/politica-de-cookies\/#breadcrumb"},"inLanguage":"en-US","potentialAction":[{"@type":"ReadAction","target":["https:\/\/talladecucharas.com\/en\/politica-de-cookies\/"]}]},{"@type":"BreadcrumbList","@id":"https:\/\/talladecucharas.com\/en\/politica-de-cookies\/#breadcrumb","itemListElement":[{"@type":"ListItem","position":1,"name":"Portada","item":"https:\/\/talladecucharas.com\/en\/"},{"@type":"ListItem","position":2,"name":"Pol\u00edtica de Cookies"}]},{"@type":"WebSite","@id":"https:\/\/talladecucharas.com\/en\/#website","url":"https:\/\/talladecucharas.com\/en\/","name":"Talla de Cucharas","description":"Todo sobre la talla de cucharas en madera","publisher":{"@id":"https:\/\/talladecucharas.com\/en\/#organization"},"potentialAction":[{"@type":"SearchAction","target":{"@type":"EntryPoint","urlTemplate":"https:\/\/talladecucharas.com\/en\/?s={search_term_string}"},"query-input":{"@type":"PropertyValueSpecification","valueRequired":true,"valueName":"search_term_string"}}],"inLanguage":"en-US"},{"@type":"Organization","@id":"https:\/\/talladecucharas.com\/en\/#organization","name":"Talla de Cucharas","url":"https:\/\/talladecucharas.com\/en\/","logo":{"@type":"ImageObject","inLanguage":"en-US","@id":"https:\/\/talladecucharas.com\/en\/#\/schema\/logo\/image\/","url":"https:\/\/i2.wp.com\/talladecucharas.com\/wp-content\/uploads\/2019\/05\/logo-talla-de-cucharas.png?fit=981%2C277&ssl=1","contentUrl":"https:\/\/i2.wp.com\/talladecucharas.com\/wp-content\/uploads\/2019\/05\/logo-talla-de-cucharas.png?fit=981%2C277&ssl=1","width":981,"height":277,"caption":"Talla de Cucharas"},"image":{"@id":"https:\/\/talladecucharas.com\/en\/#\/schema\/logo\/image\/"},"sameAs":["https:\/\/www.facebook.com\/talladecucharas","https:\/\/www.instagram.com\/talladecucharas\/","https:\/\/www.pinterest.es\/tallacucharas\/"]}]}},"uagb_featured_image_src":{"full":false,"thumbnail":false,"medium":false,"medium_large":false,"large":false,"1536x1536":false,"2048x2048":false,"et-pb-post-main-image":false,"et-pb-post-main-image-fullwidth":false,"et-pb-portfolio-image":false,"et-pb-portfolio-module-image":false,"et-pb-portfolio-image-single":false,"et-pb-gallery-module-image-portrait":false,"et-pb-post-main-image-fullwidth-large":false,"et-pb-image--responsive--desktop":false,"et-pb-image--responsive--tablet":false,"et-pb-image--responsive--phone":false,"woocommerce_thumbnail":false,"woocommerce_single":false,"woocommerce_gallery_thumbnail":false},"uagb_author_info":{"display_name":"Andrea Cort\u00e9s","author_link":"https:\/\/talladecucharas.com\/en\/author\/andreacortes\/"},"uagb_comment_info":0,"uagb_excerpt":"Una cookie es un peque\u00f1o fichero de texto que se almacena en el navegador cuando visitas casi cualquier p\u00e1gina web. Su utilidad es que la web sea capaz de recordar tu visita cuando vuelvas a navegar por esa p\u00e1gina. Las cookies suelen almacenar informaci\u00f3n de car\u00e1cter t\u00e9cnico, preferencias personales, personalizaci\u00f3n de contenidos, estad\u00edsticas de uso,&hellip;","_links":{"self":[{"href":"https:\/\/talladecucharas.com\/en\/wp-json\/wp\/v2\/pages\/1583","targetHints":{"allow":["GET"]}}],"collection":[{"href":"https:\/\/talladecucharas.com\/en\/wp-json\/wp\/v2\/pages"}],"about":[{"href":"https:\/\/talladecucharas.com\/en\/wp-json\/wp\/v2\/types\/page"}],"author":[{"embeddable":true,"href":"https:\/\/talladecucharas.com\/en\/wp-json\/wp\/v2\/users\/1"}],"replies":[{"embeddable":true,"href":"https:\/\/talladecucharas.com\/en\/wp-json\/wp\/v2\/comments?post=1583"}],"version-history":[{"count":3,"href":"https:\/\/talladecucharas.com\/en\/wp-json\/wp\/v2\/pages\/1583\/revisions"}],"predecessor-version":[{"id":1586,"href":"https:\/\/talladecucharas.com\/en\/wp-json\/wp\/v2\/pages\/1583\/revisions\/1586"}],"wp:attachment":[{"href":"https:\/\/talladecucharas.com\/en\/wp-json\/wp\/v2\/media?parent=1583"}],"curies":[{"name":"wp","href":"https:\/\/api.w.org\/{rel}","templated":true}]}}